{"id":684,"date":"2024-02-06T17:12:49","date_gmt":"2024-02-06T16:12:49","guid":{"rendered":"https:\/\/igmensch.org\/?page_id=684"},"modified":"2025-04-19T20:23:46","modified_gmt":"2025-04-19T18:23:46","slug":"gruppen-mensch-public","status":"publish","type":"page","link":"https:\/\/igmensch.org\/ig-mensch-startseite\/gruppen-mensch-public\/","title":{"rendered":"GRUPPEN MENSCH (public)"},"content":{"rendered":"\n<figure class=\"wp-block-image size-full\"><a href=\"https:\/\/igmensch.org\/beitrags-zahlung\/\"><img loading=\"lazy\" decoding=\"async\" width=\"638\" height=\"34\" src=\"https:\/\/igmensch.org\/wp-content\/uploads\/2025\/04\/Spenden-Beitraege-Einzahlungen-Jahres-Abo.png\" alt=\"\" class=\"wp-image-32435\" srcset=\"https:\/\/igmensch.org\/wp-content\/uploads\/2025\/04\/Spenden-Beitraege-Einzahlungen-Jahres-Abo.png 638w, https:\/\/igmensch.org\/wp-content\/uploads\/2025\/04\/Spenden-Beitraege-Einzahlungen-Jahres-Abo-300x16.png 300w\" sizes=\"auto, (max-width: 638px) 100vw, 638px\" \/><\/a><\/figure>\n\n\n\n<figure class=\"wp-block-image size-full is-resized\"><img loading=\"lazy\" decoding=\"async\" width=\"740\" height=\"12\" src=\"https:\/\/igmensch.org\/wp-content\/uploads\/2024\/02\/linie-gelb-600-1.png\" alt=\"\" class=\"wp-image-834\" style=\"width:620px\" srcset=\"https:\/\/igmensch.org\/wp-content\/uploads\/2024\/02\/linie-gelb-600-1.png 740w, https:\/\/igmensch.org\/wp-content\/uploads\/2024\/02\/linie-gelb-600-1-300x5.png 300w, https:\/\/igmensch.org\/wp-content\/uploads\/2024\/02\/linie-gelb-600-1-480x8.png 480w\" sizes=\"auto, (max-width: 740px) 100vw, 740px\" \/><\/figure>\n\n\n\n<div class=\"wp-block-columns is-layout-flex wp-container-core-columns-is-layout-28f84493 wp-block-columns-is-layout-flex\">\n<div class=\"wp-block-column is-layout-flow wp-block-column-is-layout-flow\" style=\"flex-basis:33.33%\">\n<figure class=\"wp-block-image aligncenter size-large is-resized\"><img loading=\"lazy\" decoding=\"async\" width=\"377\" height=\"377\" src=\"https:\/\/igmensch.org\/wp-content\/uploads\/2024\/02\/angebot_pict-1.png?w=377\" alt=\"\" class=\"wp-image-581\" style=\"width:100px\" srcset=\"https:\/\/igmensch.org\/wp-content\/uploads\/2024\/02\/angebot_pict-1.png 377w, https:\/\/igmensch.org\/wp-content\/uploads\/2024\/02\/angebot_pict-1-300x300.png 300w, https:\/\/igmensch.org\/wp-content\/uploads\/2024\/02\/angebot_pict-1-150x150.png 150w\" sizes=\"auto, (max-width: 377px) 100vw, 377px\" \/><\/figure>\n<\/div>\n\n\n\n<div class=\"wp-block-column is-layout-flow wp-block-column-is-layout-flow\" style=\"flex-basis:66.66%\">\n<p>Zeigt begrenzte <strong>Angebote<\/strong> von<br>IG MENSCH als Public-View mit <br>kostenfreien Zugang.<\/p>\n<\/div>\n<\/div>\n\n\n\n<p>Dem steht nat\u00fcrlich nichts entgegen, dass Du trotzdem herzlich willkommen bist, wenn auch Du zu unterst\u00fctzender Mitwirkung begr\u00fcsst werden darfst.<\/p>\n\n\n\n<div class=\"wp-block-group has-global-padding is-layout-constrained wp-block-group-is-layout-constrained\">\n<figure class=\"wp-block-image size-full is-resized\"><img loading=\"lazy\" decoding=\"async\" width=\"740\" height=\"12\" src=\"https:\/\/igmensch.org\/wp-content\/uploads\/2024\/02\/linie-gelb-600-1.png\" alt=\"\" class=\"wp-image-834\" style=\"width:620px\" srcset=\"https:\/\/igmensch.org\/wp-content\/uploads\/2024\/02\/linie-gelb-600-1.png 740w, https:\/\/igmensch.org\/wp-content\/uploads\/2024\/02\/linie-gelb-600-1-300x5.png 300w, https:\/\/igmensch.org\/wp-content\/uploads\/2024\/02\/linie-gelb-600-1-480x8.png 480w\" sizes=\"auto, (max-width: 740px) 100vw, 740px\" \/><\/figure>\n\n\n\n<div class=\"wp-block-columns is-layout-flex wp-container-core-columns-is-layout-28f84493 wp-block-columns-is-layout-flex\">\n<div class=\"wp-block-column is-layout-flow wp-block-column-is-layout-flow\">\n<p>Anmeldung als ordentlicher Mit-wirkender f\u00fcr <br>&nbsp;&nbsp;&nbsp;&nbsp;IG MENSCH<\/p>\n<\/div>\n\n\n\n<div class=\"wp-block-column is-layout-flow wp-block-column-is-layout-flow\">\n<p>Sobald wir den Eingang Deines Beitrages von CHF&nbsp;50.&#8211; erkennen, werden wir Dich frei- schalten<\/p>\n<\/div>\n\n\n\n<div class=\"wp-block-column is-layout-flow wp-block-column-is-layout-flow\">\n<div style=\"height:20px\" aria-hidden=\"true\" class=\"wp-block-spacer\"><\/div>\n\n\n\n<div class=\"wp-block-group has-global-padding is-layout-constrained wp-block-group-is-layout-constrained\">\n<p><a href=\"https:\/\/igmensch.org\/ig-mensch-login\/\" data-type=\"page\" data-id=\"587\">aufs<br>Anmeldeformular<\/a><\/p>\n<\/div>\n<\/div>\n<\/div>\n<\/div>\n\n\n\n<div class=\"wp-block-group alignwide has-global-padding is-layout-constrained wp-container-core-group-is-layout-c49b5e9e wp-block-group-is-layout-constrained\">\n<div style=\"height:25px\" aria-hidden=\"true\" class=\"wp-block-spacer\"><\/div>\n\n\n\n<div class=\"wp-block-group alignfull has-global-padding is-layout-constrained wp-container-core-group-is-layout-5a30f31b wp-block-group-is-layout-constrained\">\n<figure class=\"wp-block-image size-full is-resized\"><img loading=\"lazy\" decoding=\"async\" width=\"740\" height=\"12\" src=\"https:\/\/igmensch.org\/wp-content\/uploads\/2024\/02\/linie-gelb-600-1.png\" alt=\"\" class=\"wp-image-834\" style=\"width:500px\" srcset=\"https:\/\/igmensch.org\/wp-content\/uploads\/2024\/02\/linie-gelb-600-1.png 740w, https:\/\/igmensch.org\/wp-content\/uploads\/2024\/02\/linie-gelb-600-1-300x5.png 300w, https:\/\/igmensch.org\/wp-content\/uploads\/2024\/02\/linie-gelb-600-1-480x8.png 480w\" sizes=\"auto, (max-width: 740px) 100vw, 740px\" \/><\/figure>\n\n\n\n<div class=\"wp-block-columns alignwide is-layout-flex wp-container-core-columns-is-layout-cf05694f wp-block-columns-is-layout-flex\">\n<div class=\"wp-block-column is-layout-flow wp-block-column-is-layout-flow\" style=\"flex-basis:40%\">\n<h2 class=\"wp-block-heading\">RADIO <br>MENSCH PUBLIC<\/h2>\n\n\n\n<figure class=\"wp-block-image aligncenter size-large is-resized\"><img loading=\"lazy\" decoding=\"async\" width=\"701\" height=\"685\" src=\"https:\/\/igmensch.org\/wp-content\/uploads\/2024\/02\/radio_pictt-1.png?w=701\" alt=\"\" class=\"wp-image-538\" style=\"width:100px\" srcset=\"https:\/\/igmensch.org\/wp-content\/uploads\/2024\/02\/radio_pictt-1.png 701w, https:\/\/igmensch.org\/wp-content\/uploads\/2024\/02\/radio_pictt-1-300x293.png 300w, https:\/\/igmensch.org\/wp-content\/uploads\/2024\/02\/radio_pictt-1-480x469.png 480w\" sizes=\"auto, (max-width: 701px) 100vw, 701px\" \/><\/figure>\n<\/div>\n\n\n\n<div class=\"wp-block-column is-layout-flow wp-block-column-is-layout-flow\">\n<p>F\u00fcr Dein Wohlsein, aufgestellte und lebendige Tage, bieten wir Dir ein Streaming- und Download-Radio der Extraklasse. Wir erschaffen Dein 24-Stunden Musikradio mit erf\u00fcllenden Music-Mixes in gelebter Musikgeschichte. In 9 Kan\u00e4len findest Du herausragende Kompositionen mit den grandiosen Werken musikalischer Meister jeder Str\u00f6mung<\/p>\n\n\n\n<div class=\"wp-block-group has-global-padding is-layout-constrained wp-block-group-is-layout-constrained\">\n<p><a href=\"https:\/\/igmensch.org\/?page_id=587\">&#8230;zum Registrationsformular<\/a><\/p>\n<\/div>\n<\/div>\n<\/div>\n\n\n\n<figure class=\"wp-block-image size-full is-resized\"><img loading=\"lazy\" decoding=\"async\" width=\"740\" height=\"12\" src=\"https:\/\/igmensch.org\/wp-content\/uploads\/2024\/02\/linie-gelb-600-1.png\" alt=\"\" class=\"wp-image-834\" style=\"width:500px\" srcset=\"https:\/\/igmensch.org\/wp-content\/uploads\/2024\/02\/linie-gelb-600-1.png 740w, https:\/\/igmensch.org\/wp-content\/uploads\/2024\/02\/linie-gelb-600-1-300x5.png 300w, https:\/\/igmensch.org\/wp-content\/uploads\/2024\/02\/linie-gelb-600-1-480x8.png 480w\" sizes=\"auto, (max-width: 740px) 100vw, 740px\" \/><\/figure>\n\n\n\n<div class=\"wp-block-columns alignwide is-layout-flex wp-container-core-columns-is-layout-cf05694f wp-block-columns-is-layout-flex\">\n<div class=\"wp-block-column is-layout-flow wp-block-column-is-layout-flow\" style=\"flex-basis:40%\">\n<h2 class=\"wp-block-heading\">EVENT<br>MENSCH PUBLIC<\/h2>\n\n\n\n<figure class=\"wp-block-image aligncenter size-large is-resized\"><img loading=\"lazy\" decoding=\"async\" width=\"840\" height=\"988\" src=\"https:\/\/igmensch.org\/wp-content\/uploads\/2024\/02\/events_pict-1.png?w=840\" alt=\"\" class=\"wp-image-540\" style=\"width:100px\" srcset=\"https:\/\/igmensch.org\/wp-content\/uploads\/2024\/02\/events_pict-1.png 840w, https:\/\/igmensch.org\/wp-content\/uploads\/2024\/02\/events_pict-1-255x300.png 255w, https:\/\/igmensch.org\/wp-content\/uploads\/2024\/02\/events_pict-1-768x903.png 768w, https:\/\/igmensch.org\/wp-content\/uploads\/2024\/02\/events_pict-1-480x565.png 480w\" sizes=\"auto, (max-width: 840px) 100vw, 840px\" \/><\/figure>\n<\/div>\n\n\n\n<div class=\"wp-block-column is-layout-flow wp-block-column-is-layout-flow\">\n<p>Nach unserem wundersamen Meetig im Sommer, einigen spannenden Kino-Abenden und wohltuenden Wir-Sind-Dann-Mal-Hier-Grill-Tagen, sind wir bereits jetzt wieder im Finden, Planen und Vorbereiten. Viel Arbeit, wie immer. &gt; p.s. Mithelfende H\u00e4nde sind stets willkommen. Wenn Du mitmachen magst, <a href=\"https:\/\/igmensch.org\/kontakt\/\"><\/a><a href=\"https:\/\/igmensch.org\/kontakt\/\">melde Dich hier: Mail und Briefadresse<\/a> <\/p>\n\n\n\n<div class=\"wp-block-group has-global-padding is-layout-constrained wp-block-group-is-layout-constrained\">\n<p><a href=\"https:\/\/igmensch.org\/?page_id=587\">&#8230;zum Registrationsformular<\/a><\/p>\n<\/div>\n<\/div>\n<\/div>\n\n\n\n<figure class=\"wp-block-image size-full is-resized\"><img loading=\"lazy\" decoding=\"async\" width=\"740\" height=\"12\" src=\"https:\/\/igmensch.org\/wp-content\/uploads\/2024\/02\/linie-gelb-600-1.png\" alt=\"\" class=\"wp-image-834\" style=\"width:500px\" srcset=\"https:\/\/igmensch.org\/wp-content\/uploads\/2024\/02\/linie-gelb-600-1.png 740w, https:\/\/igmensch.org\/wp-content\/uploads\/2024\/02\/linie-gelb-600-1-300x5.png 300w, https:\/\/igmensch.org\/wp-content\/uploads\/2024\/02\/linie-gelb-600-1-480x8.png 480w\" sizes=\"auto, (max-width: 740px) 100vw, 740px\" \/><\/figure>\n\n\n\n<div class=\"wp-block-columns alignwide is-layout-flex wp-container-core-columns-is-layout-cf05694f wp-block-columns-is-layout-flex\">\n<div class=\"wp-block-column is-layout-flow wp-block-column-is-layout-flow\" style=\"flex-basis:40%\">\n<h2 class=\"wp-block-heading\">REGION<br>MENSCH PUBLIC<\/h2>\n\n\n\n<figure class=\"wp-block-image aligncenter size-large is-resized\"><img loading=\"lazy\" decoding=\"async\" width=\"895\" height=\"751\" src=\"https:\/\/igmensch.org\/wp-content\/uploads\/2024\/02\/appenzell_pict-1-1.png?w=895\" alt=\"\" class=\"wp-image-542\" style=\"width:100px\" srcset=\"https:\/\/igmensch.org\/wp-content\/uploads\/2024\/02\/appenzell_pict-1-1.png 895w, https:\/\/igmensch.org\/wp-content\/uploads\/2024\/02\/appenzell_pict-1-1-300x252.png 300w, https:\/\/igmensch.org\/wp-content\/uploads\/2024\/02\/appenzell_pict-1-1-768x644.png 768w, https:\/\/igmensch.org\/wp-content\/uploads\/2024\/02\/appenzell_pict-1-1-480x403.png 480w\" sizes=\"auto, (max-width: 895px) 100vw, 895px\" \/><\/figure>\n<\/div>\n\n\n\n<div class=\"wp-block-column is-layout-flow wp-block-column-is-layout-flow\">\n<p>Wir verbinden uns regional und interregional. Informationen sind AKTIV-Usern vorbehalten.<\/p>\n\n\n\n<div class=\"wp-block-group has-global-padding is-layout-constrained wp-block-group-is-layout-constrained\">\n<p><a href=\"https:\/\/igmensch.org\/?page_id=587\">&#8230;zum Registrationsformular<\/a><\/p>\n<\/div>\n<\/div>\n<\/div>\n\n\n\n<figure class=\"wp-block-image size-full is-resized\"><img loading=\"lazy\" decoding=\"async\" width=\"740\" height=\"12\" src=\"https:\/\/igmensch.org\/wp-content\/uploads\/2024\/02\/linie-gelb-600-1.png\" alt=\"\" class=\"wp-image-834\" style=\"width:500px\" srcset=\"https:\/\/igmensch.org\/wp-content\/uploads\/2024\/02\/linie-gelb-600-1.png 740w, https:\/\/igmensch.org\/wp-content\/uploads\/2024\/02\/linie-gelb-600-1-300x5.png 300w, https:\/\/igmensch.org\/wp-content\/uploads\/2024\/02\/linie-gelb-600-1-480x8.png 480w\" sizes=\"auto, (max-width: 740px) 100vw, 740px\" \/><\/figure>\n\n\n\n<div class=\"wp-block-columns alignwide is-layout-flex wp-container-core-columns-is-layout-cf05694f wp-block-columns-is-layout-flex\">\n<div class=\"wp-block-column is-layout-flow wp-block-column-is-layout-flow\" style=\"flex-basis:40%\">\n<h2 class=\"wp-block-heading\">NEWS PUBLIC<\/h2>\n\n\n\n<figure class=\"wp-block-image aligncenter size-large is-resized\"><img loading=\"lazy\" decoding=\"async\" width=\"518\" height=\"404\" src=\"https:\/\/igmensch.org\/wp-content\/uploads\/2024\/02\/news_pict-6-1.png?w=518\" alt=\"\" class=\"wp-image-549\" style=\"width:100px\" srcset=\"https:\/\/igmensch.org\/wp-content\/uploads\/2024\/02\/news_pict-6-1.png 518w, https:\/\/igmensch.org\/wp-content\/uploads\/2024\/02\/news_pict-6-1-300x234.png 300w, https:\/\/igmensch.org\/wp-content\/uploads\/2024\/02\/news_pict-6-1-480x374.png 480w\" sizes=\"auto, (max-width: 518px) 100vw, 518px\" \/><\/figure>\n<\/div>\n\n\n\n<div class=\"wp-block-column is-layout-flow wp-block-column-is-layout-flow\">\n<div class=\"wp-block-group has-global-padding is-layout-constrained wp-block-group-is-layout-constrained\">\n<p>Wir glauben an die transformative Kraft des Wissens. Unsere Schulungsprogramme sind sorgf\u00e4ltig darauf ausgerichtet, F\u00e4higkeiten zu verbessern, das Selbstvertrauen zu st\u00e4rken und Innovationen zu f\u00f6rdern.<\/p>\n\n\n\n<p><a href=\"https:\/\/igmensch.org\/?page_id=587\">&#8230;zum Registrationsformular<\/a><\/p>\n<\/div>\n<\/div>\n<\/div>\n\n\n\n<figure class=\"wp-block-image size-full is-resized\"><img loading=\"lazy\" decoding=\"async\" width=\"740\" height=\"12\" src=\"https:\/\/igmensch.org\/wp-content\/uploads\/2024\/02\/linie-gelb-600-1.png\" alt=\"\" class=\"wp-image-834\" style=\"width:500px\" srcset=\"https:\/\/igmensch.org\/wp-content\/uploads\/2024\/02\/linie-gelb-600-1.png 740w, https:\/\/igmensch.org\/wp-content\/uploads\/2024\/02\/linie-gelb-600-1-300x5.png 300w, https:\/\/igmensch.org\/wp-content\/uploads\/2024\/02\/linie-gelb-600-1-480x8.png 480w\" sizes=\"auto, (max-width: 740px) 100vw, 740px\" \/><\/figure>\n<\/div>\n<\/div>\n","protected":false},"excerpt":{"rendered":"<p>Zeigt begrenzte Angebote vonIG MENSCH als Public-View mit kostenfreien Zugang. Dem steht nat\u00fcrlich nichts entgegen, dass Du trotzdem herzlich willkommen bist, wenn auch Du zu unterst\u00fctzender Mitwirkung begr\u00fcsst werden darfst. Anmeldung als ordentlicher Mit-wirkender f\u00fcr &nbsp;&nbsp;&nbsp;&nbsp;IG MENSCH Sobald wir den Eingang Deines Beitrages von CHF&nbsp;50.&#8211; erkennen, werden wir Dich frei- schalten aufsAnmeldeformular RADIO MENSCH PUBLIC [&hellip;]<\/p>\n","protected":false},"author":1,"featured_media":0,"parent":0,"menu_order":0,"comment_status":"closed","ping_status":"closed","template":"","meta":{"footnotes":""},"class_list":["post-684","page","type-page","status-publish","hentry"],"jetpack_sharing_enabled":true,"_links":{"self":[{"href":"https:\/\/igmensch.org\/ig-mensch-startseite\/wp-json\/wp\/v2\/pages\/684","targetHints":{"allow":["GET"]}}],"collection":[{"href":"https:\/\/igmensch.org\/ig-mensch-startseite\/wp-json\/wp\/v2\/pages"}],"about":[{"href":"https:\/\/igmensch.org\/ig-mensch-startseite\/wp-json\/wp\/v2\/types\/page"}],"author":[{"embeddable":true,"href":"https:\/\/igmensch.org\/ig-mensch-startseite\/wp-json\/wp\/v2\/users\/1"}],"replies":[{"embeddable":true,"href":"https:\/\/igmensch.org\/ig-mensch-startseite\/wp-json\/wp\/v2\/comments?post=684"}],"version-history":[{"count":8,"href":"https:\/\/igmensch.org\/ig-mensch-startseite\/wp-json\/wp\/v2\/pages\/684\/revisions"}],"predecessor-version":[{"id":32465,"href":"https:\/\/igmensch.org\/ig-mensch-startseite\/wp-json\/wp\/v2\/pages\/684\/revisions\/32465"}],"wp:attachment":[{"href":"https:\/\/igmensch.org\/ig-mensch-startseite\/wp-json\/wp\/v2\/media?parent=684"}],"curies":[{"name":"wp","href":"https:\/\/api.w.org\/{rel}","templated":true}]}}