{"id":682,"date":"2024-02-06T17:05:05","date_gmt":"2024-02-06T16:05:05","guid":{"rendered":"https:\/\/igmensch.org\/?page_id=682"},"modified":"2026-03-08T15:26:46","modified_gmt":"2026-03-08T14:26:46","slug":"radio-mensch-public","status":"publish","type":"page","link":"https:\/\/igmensch.org\/ig-mensch-startseite\/radio-mensch-public\/","title":{"rendered":"RADIO MENSCH (public)"},"content":{"rendered":"\n<figure class=\"wp-block-image size-full\"><a href=\"https:\/\/igmensch.org\/beitrags-zahlung\/\"><img loading=\"lazy\" decoding=\"async\" width=\"638\" height=\"34\" src=\"https:\/\/igmensch.org\/wp-content\/uploads\/2025\/04\/Spenden-Beitraege-Einzahlungen-Jahres-Abo.png\" alt=\"\" class=\"wp-image-32435\" srcset=\"https:\/\/igmensch.org\/wp-content\/uploads\/2025\/04\/Spenden-Beitraege-Einzahlungen-Jahres-Abo.png 638w, https:\/\/igmensch.org\/wp-content\/uploads\/2025\/04\/Spenden-Beitraege-Einzahlungen-Jahres-Abo-300x16.png 300w\" sizes=\"auto, (max-width: 638px) 100vw, 638px\" \/><\/a><\/figure>\n\n\n\n<figure class=\"wp-block-image size-full is-resized\"><img loading=\"lazy\" decoding=\"async\" width=\"740\" height=\"12\" src=\"https:\/\/igmensch.org\/wp-content\/uploads\/2024\/02\/linie-gelb-600-1.png\" alt=\"\" class=\"wp-image-834\" style=\"width:620px\" srcset=\"https:\/\/igmensch.org\/wp-content\/uploads\/2024\/02\/linie-gelb-600-1.png 740w, https:\/\/igmensch.org\/wp-content\/uploads\/2024\/02\/linie-gelb-600-1-300x5.png 300w, https:\/\/igmensch.org\/wp-content\/uploads\/2024\/02\/linie-gelb-600-1-480x8.png 480w\" sizes=\"auto, (max-width: 740px) 100vw, 740px\" \/><\/figure>\n\n\n\n<figure class=\"wp-block-image size-large\"><img loading=\"lazy\" decoding=\"async\" width=\"1024\" height=\"444\" src=\"https:\/\/igmensch.org\/wp-content\/uploads\/2024\/02\/2024-02-28-aether-freier-menschen.jpg?w=1024\" alt=\"\" class=\"wp-image-1384\" srcset=\"https:\/\/igmensch.org\/wp-content\/uploads\/2024\/02\/2024-02-28-aether-freier-menschen.jpg 1024w, https:\/\/igmensch.org\/wp-content\/uploads\/2024\/02\/2024-02-28-aether-freier-menschen-300x130.jpg 300w, https:\/\/igmensch.org\/wp-content\/uploads\/2024\/02\/2024-02-28-aether-freier-menschen-768x333.jpg 768w, https:\/\/igmensch.org\/wp-content\/uploads\/2024\/02\/2024-02-28-aether-freier-menschen-980x425.jpg 980w, https:\/\/igmensch.org\/wp-content\/uploads\/2024\/02\/2024-02-28-aether-freier-menschen-480x208.jpg 480w\" sizes=\"auto, (max-width: 1024px) 100vw, 1024px\" \/><\/figure>\n\n\n\n<div class=\"wp-block-group has-global-padding is-layout-constrained wp-block-group-is-layout-constrained\">\n<figure class=\"wp-block-image size-full is-resized\"><img loading=\"lazy\" decoding=\"async\" width=\"740\" height=\"12\" src=\"https:\/\/igmensch.org\/wp-content\/uploads\/2024\/02\/linie-gelb-600-1.png\" alt=\"\" class=\"wp-image-834\" style=\"width:620px\" srcset=\"https:\/\/igmensch.org\/wp-content\/uploads\/2024\/02\/linie-gelb-600-1.png 740w, https:\/\/igmensch.org\/wp-content\/uploads\/2024\/02\/linie-gelb-600-1-300x5.png 300w, https:\/\/igmensch.org\/wp-content\/uploads\/2024\/02\/linie-gelb-600-1-480x8.png 480w\" sizes=\"auto, (max-width: 740px) 100vw, 740px\" \/><\/figure>\n\n\n\n<div class=\"wp-block-columns is-layout-flex wp-container-core-columns-is-layout-28f84493 wp-block-columns-is-layout-flex\">\n<div class=\"wp-block-column is-layout-flow wp-block-column-is-layout-flow\">\n<div class=\"wp-block-columns is-layout-flex wp-container-core-columns-is-layout-28f84493 wp-block-columns-is-layout-flex\">\n<div class=\"wp-block-column is-layout-flow wp-block-column-is-layout-flow\">\n<p>Aktualisiert<br>08.03.2026<\/p>\n<\/div>\n\n\n\n<div class=\"wp-block-column is-layout-flow wp-block-column-is-layout-flow\"><\/div>\n<\/div>\n<\/div>\n\n\n\n<div class=\"wp-block-column is-layout-flow wp-block-column-is-layout-flow\">\n<div class=\"wp-block-columns is-layout-flex wp-container-core-columns-is-layout-28f84493 wp-block-columns-is-layout-flex\">\n<div class=\"wp-block-column is-layout-flow wp-block-column-is-layout-flow\"><\/div>\n\n\n\n<div class=\"wp-block-column is-layout-flow wp-block-column-is-layout-flow\">\n<p class=\"has-text-align-right\">Erstellt<br>25.04.2024<\/p>\n<\/div>\n<\/div>\n<\/div>\n<\/div>\n\n\n\n<figure class=\"wp-block-image size-full is-resized\"><img loading=\"lazy\" decoding=\"async\" width=\"740\" height=\"12\" src=\"https:\/\/igmensch.org\/wp-content\/uploads\/2024\/02\/linie-gelb-600-1.png\" alt=\"\" class=\"wp-image-834\" style=\"width:620px\" srcset=\"https:\/\/igmensch.org\/wp-content\/uploads\/2024\/02\/linie-gelb-600-1.png 740w, https:\/\/igmensch.org\/wp-content\/uploads\/2024\/02\/linie-gelb-600-1-300x5.png 300w, https:\/\/igmensch.org\/wp-content\/uploads\/2024\/02\/linie-gelb-600-1-480x8.png 480w\" sizes=\"auto, (max-width: 740px) 100vw, 740px\" \/><\/figure>\n<\/div>\n\n\n\n<p><strong>Projektleitende<\/strong>: Armin &amp; Diro<\/p>\n\n\n\n<p>In etwa w\u00f6chentlich erscheinen in unserem Streaming\/Download-Musikradio RADIO MENSCH ein bis zwei Music-Mixes der Extraklasse. Als AKTIV-User geniesst Du stundenlange, wohlf\u00fchlf\u00f6rdernde Kompositionen und Arrangements, die Du f\u00fcr Deinen privaten Bereich streamen oder downloaden kannst. Anmerkung zum Start: Wir tun was wir k\u00f6nnen, dass jetzt im Startjahr noch mehr Mixes f\u00fcr Euch bereitstehen.<\/p>\n\n\n\n<p>Wir schenken Dir hier gerne einen aufgestellten Mix freier Music. Aus Netzfunden haben wir einen Mix f\u00fcr Junge und Junggebliebene f\u00fcr einen befreiten Tag erschaffen. Geniess ihn.<\/p>\n\n\n\n<p>Wenn Du weitere Musik-Mixes h\u00f6ren m\u00f6chtest, komm in unsere musikalische Gemeinschaft und melde Dich als AKTIV-User an. Bis bald.<\/p>\n\n\n\n<div class=\"wp-block-group has-global-padding is-layout-constrained wp-block-group-is-layout-constrained\">\n<p class=\"has-small-font-size\" style=\"line-height:1.3\">\u00a9free | <strong>TEENAGE WARWOLF<\/strong> by DJ Freeman | <strong>RADIO MENSCH<\/strong> (181 MB). Mit Soyb, Alex Hagen, Next Route, Aditya Sharma, Lucjo, NCS, Next Route, Ferco &amp; Tubebackr, Netrum &amp; Halvorsen, Holy Molly, UPSAHL, Godmode\/RVPTR\/Yunnay, Jimmy Rivler, Besomorph ft. Mogletta, Chloe Tang, Donkong ft. Hanny, Dwonji, Unbekannt, Tony Vida &amp; Max Killian, Harddope &amp; Future Friends &amp; Benion Cover, NEFFEX, Rival\/Askata &amp; Natan Chaim, Saint Slumber, SLORAX, Stereohats, TylerPage, Godmode\/RVPTR\/Yunnay, Jordan Schor &amp; Marvin Divine, Tokyo Projekt &amp; LissA, RIELL, 2Hounds &amp; Anzo Gronso &amp; Adriana Vitale und Murdbrain &amp; Savrokks. Technik: Diro.<\/p>\n\n\n\n<figure class=\"wp-block-audio\"><audio controls src=\"https:\/\/igmensch.org\/wp-content\/uploads\/2026\/03\/TEENAGE-WARWOLFby-DJ-Freeman-_-RADIO-MENSCH.mp3\"><\/audio><figcaption class=\"wp-element-caption\">\u00a9free | <strong>TEENAGE WARWOLF<\/strong> by DJ Freeman | <strong>RADIO MENSCH<\/strong> (181 MB)<\/figcaption><\/figure>\n\n\n\n<hr class=\"wp-block-separator has-alpha-channel-opacity is-style-wide\"\/>\n<\/div>\n\n\n\n<div class=\"wp-block-group has-global-padding is-layout-constrained wp-block-group-is-layout-constrained\">\n<figure class=\"wp-block-image size-full is-resized\"><img loading=\"lazy\" decoding=\"async\" width=\"740\" height=\"12\" src=\"https:\/\/igmensch.org\/wp-content\/uploads\/2024\/02\/linie-gelb-600-1.png\" alt=\"\" class=\"wp-image-834\" style=\"width:620px\" srcset=\"https:\/\/igmensch.org\/wp-content\/uploads\/2024\/02\/linie-gelb-600-1.png 740w, https:\/\/igmensch.org\/wp-content\/uploads\/2024\/02\/linie-gelb-600-1-300x5.png 300w, https:\/\/igmensch.org\/wp-content\/uploads\/2024\/02\/linie-gelb-600-1-480x8.png 480w\" sizes=\"auto, (max-width: 740px) 100vw, 740px\" \/><\/figure>\n\n\n\n<figure class=\"wp-block-audio\"><audio controls src=\"https:\/\/igmensch.org\/wp-content\/uploads\/2025\/09\/WURMLOCH-by-DJ-Gatto-_-RADIO-MENSCH-24.09.25-09.47.mp3\"><\/audio><figcaption class=\"wp-element-caption\">Wurmloch<\/figcaption><\/figure>\n\n\n\n<p style=\"line-height:1.3\"><strong>WURMLOCH<\/strong> <strong>by DJ Gatto<\/strong> | RADIO MENSCH (204 MB). Mit Hush, Riot &amp; Sippy, Ferco, Alex, Neffex &amp; Tokyo Machine, Champions, Ariis, Poylow\/Linn Sandin\/Midranger, Halvorsen, Wormhole, Thirst, Max Brhon, More Plastic, Boom Kitty &amp; Waterflame, Striker, DJVI, MBB, Kawaii, Gold-Hotham, Mehul Choudhary, JJD &amp; Alex Skindo, Niviro, Tokyo Machine, Felt This, Everen Maxwell, Music by Aden, Zer0 Gravity feat. Moona, Hotham, Jay Someday, Teminite &amp; Chime, Space Caf\u00e9, Tobu, ROA, Tyla Yaweh mit Mason und Rarin, Fennec Beats. Technik: Diro.<\/p>\n\n\n\n<figure class=\"wp-block-image size-full is-resized\"><img loading=\"lazy\" decoding=\"async\" width=\"740\" height=\"12\" src=\"https:\/\/igmensch.org\/wp-content\/uploads\/2024\/02\/linie-gelb-600-1.png\" alt=\"\" class=\"wp-image-834\" style=\"width:620px\" srcset=\"https:\/\/igmensch.org\/wp-content\/uploads\/2024\/02\/linie-gelb-600-1.png 740w, https:\/\/igmensch.org\/wp-content\/uploads\/2024\/02\/linie-gelb-600-1-300x5.png 300w, https:\/\/igmensch.org\/wp-content\/uploads\/2024\/02\/linie-gelb-600-1-480x8.png 480w\" sizes=\"auto, (max-width: 740px) 100vw, 740px\" \/><\/figure>\n\n\n\n<p>Liebe Menschen, liebe Musikfreunde.<br>Weil die Welt, auch mit allem Unheil, die sch\u00f6nste und beste ist, die wir haben, schenken wir Euch allen einen freien Mix ohne Copyrights. Ob jung oder \u00e4lter, geniesst das &#8222;Wurmloch&#8220; im Tag.<br>F\u00fcr Mitglieder haben wir jede Menge B\u00fccher, Filme und Musicmixes f\u00fcr Streaming und Download bereitgestellt. Hier gehts zur Anmeldung: <a href=\"https:\/\/igmensch.org\/registration-aktiv-user\/\">L I N K<\/a><\/p>\n\n\n\n<figure class=\"wp-block-image size-full is-resized\"><img loading=\"lazy\" decoding=\"async\" width=\"740\" height=\"12\" src=\"https:\/\/igmensch.org\/wp-content\/uploads\/2024\/02\/linie-gelb-600-1.png\" alt=\"\" class=\"wp-image-834\" style=\"width:620px\" srcset=\"https:\/\/igmensch.org\/wp-content\/uploads\/2024\/02\/linie-gelb-600-1.png 740w, https:\/\/igmensch.org\/wp-content\/uploads\/2024\/02\/linie-gelb-600-1-300x5.png 300w, https:\/\/igmensch.org\/wp-content\/uploads\/2024\/02\/linie-gelb-600-1-480x8.png 480w\" sizes=\"auto, (max-width: 740px) 100vw, 740px\" \/><\/figure>\n<\/div>\n\n\n\n<p class=\"has-text-color has-link-color wp-elements-3ad627d9183337bc4a7be885d2649aad\" style=\"color:#48c00b\"><strong>Hier mp3-mix YOUNG FREE MUSIC<\/strong> (#48C00B)<\/p>\n\n\n\n<figure class=\"wp-block-audio\"><audio controls src=\"https:\/\/igmensch.org\/wp-content\/uploads\/2024\/02\/young-free-music-e28093-radio-mensch.mp3\"><\/audio><figcaption class=\"wp-element-caption\"><strong>Young Free Music<\/strong> (119 MB)   [ 23.02.2024 ]<\/figcaption><\/figure>\n\n\n\n<p>Wir freuen uns, wenn Du Dich bei uns einklinkst und dadurch in den Genuss der einzigartigen Mixes kommen kannst.<\/p>\n\n\n\n<figure class=\"wp-block-embed aligncenter is-type-wp-embed is-provider-rumble-com wp-block-embed-rumble-com\"><div class=\"wp-block-embed__wrapper\">\n<iframe loading=\"lazy\" class=\"wp-embedded-content\" sandbox=\"allow-scripts\" security=\"restricted\" title=\"PASSIV 480x272_MUSiGSTu\u0308BLi_EINLADUNG\" src=\"https:\/\/rumble.com\/embed\/v4d7qbk\/#?secret=j2ZSmrxMAw\" data-secret=\"j2ZSmrxMAw\" width=\"480\" height=\"272\" frameborder=\"0\"><\/iframe>\n<\/div><figcaption class=\"wp-element-caption\"><a href=\"https:\/\/rumble.com\/v4ft1xc-aktiv-480x272-musigstubli-einladung.html\">Music St\u00fcbli um sich zu treffen, plaudern, h\u00f6ren, austauschen<\/a><\/figcaption><\/figure>\n\n\n\n<p>Wir d\u00fcrfen vorstellen. Unser <strong>MUSIGST\u00dcBLI<\/strong>.<br>Willst im MUSIGST\u00dcBLI sein; werde AKTIV-User und melde Dich mit dem Vermerk \u00abMUSiGST\u00fcBLi\u00bb bei: <a href=\"https:\/\/igmensch.org\/kontakt\/\">info_AT_igmensch.org<\/a>.<\/p>\n\n\n\n<p><br>Wir freuen uns auf Deine Anfrage. <br>Bis bald. <\/p>\n\n\n\n<p><br>Dein MUSiGST\u00fcBLi-TEAM<\/p>\n\n\n\n<p><a href=\"https:\/\/igmensch.org\/?page_id=587\">Zum Anmeldeformular<\/a><\/p>\n","protected":false},"excerpt":{"rendered":"<p>Aktualisiert08.03.2026 Erstellt25.04.2024 Projektleitende: Armin &amp; Diro In etwa w\u00f6chentlich erscheinen in unserem Streaming\/Download-Musikradio RADIO MENSCH ein bis zwei Music-Mixes der Extraklasse. Als AKTIV-User geniesst Du stundenlange, wohlf\u00fchlf\u00f6rdernde Kompositionen und Arrangements, die Du f\u00fcr Deinen privaten Bereich streamen oder downloaden kannst. Anmerkung zum Start: Wir tun was wir k\u00f6nnen, dass jetzt im Startjahr noch mehr Mixes [&hellip;]<\/p>\n","protected":false},"author":1,"featured_media":0,"parent":0,"menu_order":0,"comment_status":"closed","ping_status":"closed","template":"","meta":{"footnotes":""},"class_list":["post-682","page","type-page","status-publish","hentry"],"jetpack_sharing_enabled":true,"_links":{"self":[{"href":"https:\/\/igmensch.org\/ig-mensch-startseite\/wp-json\/wp\/v2\/pages\/682","targetHints":{"allow":["GET"]}}],"collection":[{"href":"https:\/\/igmensch.org\/ig-mensch-startseite\/wp-json\/wp\/v2\/pages"}],"about":[{"href":"https:\/\/igmensch.org\/ig-mensch-startseite\/wp-json\/wp\/v2\/types\/page"}],"author":[{"embeddable":true,"href":"https:\/\/igmensch.org\/ig-mensch-startseite\/wp-json\/wp\/v2\/users\/1"}],"replies":[{"embeddable":true,"href":"https:\/\/igmensch.org\/ig-mensch-startseite\/wp-json\/wp\/v2\/comments?post=682"}],"version-history":[{"count":9,"href":"https:\/\/igmensch.org\/ig-mensch-startseite\/wp-json\/wp\/v2\/pages\/682\/revisions"}],"predecessor-version":[{"id":33301,"href":"https:\/\/igmensch.org\/ig-mensch-startseite\/wp-json\/wp\/v2\/pages\/682\/revisions\/33301"}],"wp:attachment":[{"href":"https:\/\/igmensch.org\/ig-mensch-startseite\/wp-json\/wp\/v2\/media?parent=682"}],"curies":[{"name":"wp","href":"https:\/\/api.w.org\/{rel}","templated":true}]}}